{"id":2183,"date":"2021-02-08T23:47:22","date_gmt":"2021-02-08T22:47:22","guid":{"rendered":"https:\/\/gbt-shop.com\/ems-betaalmogelijkheden\/"},"modified":"2024-04-16T16:44:26","modified_gmt":"2024-04-16T14:44:26","slug":"ems-betaalmogelijkheden","status":"publish","type":"page","link":"https:\/\/gbt-shop.com\/nl\/ems-betaalmogelijkheden\/","title":{"rendered":"EMS BETAALMOGELIJKHEDEN"},"content":{"rendered":"\r\n<p>Online winkelen bij ons moet zo ongecompliceerd en moeiteloos mogelijk zijn!<\/p>\r\n<p>Daarom heeft u de keuze uit verschillende betaalmethoden:<\/p>\r\n<h3><b><span data-contrast=\"auto\">Creditcard:<\/span><\/b><span data-ccp-props=\"{&quot;201341983&quot;:1,&quot;335559739&quot;:0,&quot;335559740&quot;:280}\">\u00a0<\/span><\/h3>\r\n<p>Creditcard:\u00a0 We accepteren MasterCard en Visa.<\/p>\r\n<p>De veiligheid van uw online betaling is onze topprioriteit. Dit betekent dat u uw kaartbetaling mogelijk moet verifi\u00ebren met 3D Secure om uw transactie te voltooien. Neem contact op met uw bank voor meer informatie over 3D Secure-verificatie. Betalingsgegevens worden niet opgeslagen.<\/p>\r\n<p><span style=\"font-weight: 400;\">Paypal\u00a0<\/span> <span style=\"font-weight: 400;\">Betaling vereist slechts een paar stappen:<\/span><\/p>\r\n<h3><b><span data-contrast=\"auto\">Paypal<\/span><\/b><span data-ccp-props=\"{&quot;201341983&quot;:1,&quot;335559739&quot;:0,&quot;335559740&quot;:280}\">\u00a0<\/span><\/h3>\r\n<p>U selecteert &#8220;PayPal&#8221; als betaalmethode bij het afrekenen. U wordt automatisch doorgestuurd naar de PayPal-website om de betaling te verwerken.<\/p>\r\n<ol>\r\n<li><span data-contrast=\"auto\"> Sie w\u00e4hlen an der Kasse \u201ePayPal\u201c als Zahlungsmethode aus.<\/span><\/li>\r\n<li><span data-contrast=\"auto\"> Si<\/span><span data-contrast=\"auto\">e <\/span><span data-contrast=\"auto\">werden automatisch auf die PayPal-Website weitergeleitet, um die Bezahlung abzuwickeln.<\/span><\/li>\r\n<li><span data-contrast=\"auto\"> Wenn Sie bereits Kunde bei PayPal sind, k\u00f6nnen Sie sich mit Ihrem PayPal-Benutzerdaten anmelden und die Zahlung best\u00e4tigen. Wenn Sie neu bei PayPal sind, k\u00f6nnen Sie ein PayPal-Konto erstellen und dann die Zahlung best\u00e4tigen.<\/span><\/li>\r\n<li><span data-contrast=\"auto\"> Anschlie\u00dfend werden Sie zu unserem Shop zur\u00fcckgeleitet und Ihre Bestellung und Zahlung sind abgeschlossen!\u202f<\/span><\/li>\r\n<\/ol>\r\n<p>Als u al klant bent bij PayPal, kunt u inloggen met uw PayPal-gebruikersgegevens en de betaling bevestigen. Als u nog geen PayPal-klant bent, kunt u een PayPal-account aanmaken en vervolgens de betaling bevestigen. U wordt dan teruggeleid naar onze winkel en uw bestelling en betaling zijn voltooid!\u202f Onze algemene voorwaarden zijn van toepassing.<\/p>\r\n","protected":false},"excerpt":{"rendered":"<p>Online winkelen bij ons moet zo ongecompliceerd en moeiteloos mogelijk zijn! Daarom heeft u de keuze uit verschillende betaalmethoden: Creditcard:\u00a0 Creditcard:\u00a0 We accepteren MasterCard en Visa. De veiligheid van uw online betaling is onze topprioriteit. Dit betekent dat u uw kaartbetaling mogelijk moet verifi\u00ebren met 3D Secure om uw transactie te voltooien. Neem contact op [&hellip;]<\/p>\n","protected":false},"author":1,"featured_media":0,"parent":0,"menu_order":0,"comment_status":"closed","ping_status":"closed","template":"pg-services.php","meta":{"_acf_changed":false,"_seopress_robots_primary_cat":"","_seopress_titles_title":"","_seopress_titles_desc":"","_seopress_robots_index":"","site-sidebar-layout":"default","site-content-layout":"page-builder","ast-site-content-layout":"default","site-content-style":"default","site-sidebar-style":"default","ast-global-header-display":"","ast-banner-title-visibility":"","ast-main-header-display":"","ast-hfb-above-header-display":"","ast-hfb-below-header-display":"","ast-hfb-mobile-header-display":"","site-post-title":"","ast-breadcrumbs-content":"","ast-featured-img":"","footer-sml-layout":"","ast-disable-related-posts":"","theme-transparent-header-meta":"default","adv-header-id-meta":"","stick-header-meta":"default","header-above-stick-meta":"","header-main-stick-meta":"","header-below-stick-meta":"","astra-migrate-meta-layouts":"set","ast-page-background-enabled":"default","ast-page-background-meta":{"desktop":{"background-color":"","background-image":"","background-repeat":"repeat","background-position":"center center","background-size":"auto","background-attachment":"scroll","background-type":"","background-media":"","overlay-type":"","overlay-color":"","overlay-opacity":"","overlay-gradient":""},"tablet":{"background-color":"","background-image":"","background-repeat":"repeat","background-position":"center center","background-size":"auto","background-attachment":"scroll","background-type":"","background-media":"","overlay-type":"","overlay-color":"","overlay-opacity":"","overlay-gradient":""},"mobile":{"background-color":"","background-image":"","background-repeat":"repeat","background-position":"center center","background-size":"auto","background-attachment":"scroll","background-type":"","background-media":"","overlay-type":"","overlay-color":"","overlay-opacity":"","overlay-gradient":""}},"ast-content-background-meta":{"desktop":{"background-color":"var(--ast-global-color-5)","background-image":"","background-repeat":"repeat","background-position":"center center","background-size":"auto","background-attachment":"scroll","background-type":"","background-media":"","overlay-type":"","overlay-color":"","overlay-opacity":"","overlay-gradient":""},"tablet":{"background-color":"var(--ast-global-color-5)","background-image":"","background-repeat":"repeat","background-position":"center center","background-size":"auto","background-attachment":"scroll","background-type":"","background-media":"","overlay-type":"","overlay-color":"","overlay-opacity":"","overlay-gradient":""},"mobile":{"background-color":"var(--ast-global-color-5)","background-image":"","background-repeat":"repeat","background-position":"center center","background-size":"auto","background-attachment":"scroll","background-type":"","background-media":"","overlay-type":"","overlay-color":"","overlay-opacity":"","overlay-gradient":""}},"footnotes":""},"class_list":["post-2183","page","type-page","status-publish","hentry"],"acf":[],"_links":{"self":[{"href":"https:\/\/gbt-shop.com\/nl\/wp-json\/wp\/v2\/pages\/2183","targetHints":{"allow":["GET"]}}],"collection":[{"href":"https:\/\/gbt-shop.com\/nl\/wp-json\/wp\/v2\/pages"}],"about":[{"href":"https:\/\/gbt-shop.com\/nl\/wp-json\/wp\/v2\/types\/page"}],"author":[{"embeddable":true,"href":"https:\/\/gbt-shop.com\/nl\/wp-json\/wp\/v2\/users\/1"}],"replies":[{"embeddable":true,"href":"https:\/\/gbt-shop.com\/nl\/wp-json\/wp\/v2\/comments?post=2183"}],"version-history":[{"count":2,"href":"https:\/\/gbt-shop.com\/nl\/wp-json\/wp\/v2\/pages\/2183\/revisions"}],"predecessor-version":[{"id":2749,"href":"https:\/\/gbt-shop.com\/nl\/wp-json\/wp\/v2\/pages\/2183\/revisions\/2749"}],"wp:attachment":[{"href":"https:\/\/gbt-shop.com\/nl\/wp-json\/wp\/v2\/media?parent=2183"}],"curies":[{"name":"wp","href":"https:\/\/api.w.org\/{rel}","templated":true}]}}